{"id":2691,"date":"2013-09-12T10:08:40","date_gmt":"2013-09-12T08:08:40","guid":{"rendered":"https:\/\/www.paprica.ch\/?page_id=2691"},"modified":"2017-07-17T09:32:12","modified_gmt":"2017-07-17T07:32:12","slug":"2691-2","status":"publish","type":"page","link":"https:\/\/www.paprica.ch\/de\/","title":{"rendered":"Home"},"content":{"rendered":"<div class=\"wpb-content-wrapper\"><p>[vc_row el_position=&#8220;first&#8220;][vc_column width=&#8220;1\/2&#8243;][vc_column_text el_class=&#8220;home_pro&#8220; el_position=&#8220;first last&#8220;]<\/p>\n<h1>\u00c4rztinnen und \u00c4rzte<\/h1>\n<h2>PAPRICA bef\u00e4higt \u00c4rztinnen und \u00c4rzte f\u00fcr die Patientenberatung in der Bewegungsf\u00f6rderung<\/h2>\n<p>&nbsp;<\/p>\n<p>PAPRICA bietet:<\/p>\n<ul>\n<li>Eine Fortbildung<\/li>\n<li>Ein Handbuch als Leitfaden und Nachschlagwerk<\/li>\n<li>Patientenbrosch\u00fcren zum Abgeben<\/li>\n<li>Weitere didaktische Hilfsmittel<\/li>\n<li>Fachspezifische Unterlagen<\/li>\n<li>Die Verbindung mit regionalen Organisatoren von Bewegungsangeboten<\/li>\n<\/ul>\n<p>&nbsp;<\/p>\n<p>[\/vc_column_text][vc_button title=&#8220;mehr dazu&#8220; href=&#8220;https:\/\/www.paprica.ch\/?cat=35&amp;lang=de&#8220; el_position=&#8220;first last&#8220;][\/vc_column][vc_column width=&#8220;1\/2&#8243;][vc_column_text el_class=&#8220;home_pro&#8220; el_position=&#8220;first last&#8220;]<\/p>\n<h1>Allgemeine Informationen<\/h1>\n<h2>Mit PAPRICA (Physical Activity Promotion Care) steht f\u00fcr die Schweiz ein Ansatz f\u00fcr die Bewegungsf\u00f6rderung \u00fcber die Arztpraxis zur Verf\u00fcgung.<\/h2>\n<p>Bewegungsmangel ist auf Bev\u00f6lkerungsebene ein Gesundheitsproblem von vergleichbarer Tragweite wie Rauchen oder \u00dcbergewicht.<\/p>\n<p>Der \u00c4rztin resp. dem Arzt kommt damit in der Bewegungsf\u00f6rderung eine besondere Rolle zu.<\/p>\n<p>Der in einem mehrj\u00e4hrigen Prozess entwickelte Ansatz von PAPRICA wird seit 2009 im Kanton Waadt und seit 2012 in ersten Kantonen in der Deutschschweiz umgesetzt.<\/p>\n<p>&nbsp;<\/p>\n<p>[\/vc_column_text][vc_button title=&#8220;mehr dazu&#8220; href=&#8220;https:\/\/www.paprica.ch\/?cat=129&amp;lang=de&#8220; el_position=&#8220;first last&#8220;][\/vc_column][\/vc_row][vc_row el_position=&#8220;last&#8220;][vc_column][vc_separator][\/vc_column][\/vc_row][vc_row el_position=&#8220;first&#8220;][vc_column width=&#8220;1\/2&#8243;][vc_column_text el_class=&#8220;home_pro&#8220; el_position=&#8220;first last&#8220;]<\/p>\n<h1>S\u00e4uglinge und Kleinkinder<\/h1>\n<h2>BEWEGUNGSTIPPS F\u00dcR KINDER MIT DEN ELTERN<\/h2>\n<p>&gt; F\u00fcnf Brosch\u00fcren f\u00fcr Eltern<br \/>\n&gt; Zur Verwendung durch Fachpersonal<br \/>\n&gt; Von 0 bis 6 Jahre<br \/>\n&gt; Erh\u00e4ltlich in 8 Sprachen[\/vc_column_text][vc_single_image image=&#8220;4217&#8243; img_size=&#8220;full&#8220; onclick=&#8220;custom_link&#8220; link=&#8220;https:\/\/www.paprica.ch\/category\/kleinen-kindern\/?lang=de&#8220;][vc_button title=&#8220;mehr dazu&#8220; href=&#8220;https:\/\/www.paprica.ch\/category\/kleinen-kindern\/?lang=de&#8220; el_position=&#8220;first last&#8220;][\/vc_column][vc_column width=&#8220;1\/2&#8243;][\/vc_column][\/vc_row]<\/p>\n<\/div>","protected":false},"excerpt":{"rendered":"<p>[vc_row el_position=&#8220;first&#8220;][vc_column width=&#8220;1\/2&#8243;][vc_column_text el_class=&#8220;home_pro&#8220; el_position=&#8220;first last&#8220;] \u00c4rztinnen und \u00c4rzte PAPRICA bef\u00e4higt \u00c4rztinnen und \u00c4rzte f\u00fcr die Patientenberatung in der Bewegungsf\u00f6rderung &nbsp; PAPRICA bietet: Eine Fortbildung Ein Handbuch als Leitfaden und Nachschlagwerk Patientenbrosch\u00fcren zum Abgeben Weitere didaktische Hilfsmittel Fachspezifische Unterlagen Die Verbindung mit regionalen Organisatoren von Bewegungsangeboten &nbsp; [\/vc_column_text][vc_button title=&#8220;mehr dazu&#8220; href=&#8220;https:\/\/www.paprica.ch\/?cat=35&amp;lang=de&#8220; el_position=&#8220;first last&#8220;][\/vc_column][vc_column width=&#8220;1\/2&#8243;][vc_column_text el_class=&#8220;home_pro&#8220; [&hellip;]<\/p>\n","protected":false},"author":31,"featured_media":0,"parent":0,"menu_order":8,"comment_status":"closed","ping_status":"closed","template":"page-templates\/front-page.php","meta":{"_acf_changed":false,"footnotes":""},"class_list":["post-2691","page","type-page","status-publish","hentry"],"acf":[],"_links":{"self":[{"href":"https:\/\/www.paprica.ch\/de\/wp-json\/wp\/v2\/pages\/2691","targetHints":{"allow":["GET"]}}],"collection":[{"href":"https:\/\/www.paprica.ch\/de\/wp-json\/wp\/v2\/pages"}],"about":[{"href":"https:\/\/www.paprica.ch\/de\/wp-json\/wp\/v2\/types\/page"}],"author":[{"embeddable":true,"href":"https:\/\/www.paprica.ch\/de\/wp-json\/wp\/v2\/users\/31"}],"replies":[{"embeddable":true,"href":"https:\/\/www.paprica.ch\/de\/wp-json\/wp\/v2\/comments?post=2691"}],"version-history":[{"count":5,"href":"https:\/\/www.paprica.ch\/de\/wp-json\/wp\/v2\/pages\/2691\/revisions"}],"predecessor-version":[{"id":4380,"href":"https:\/\/www.paprica.ch\/de\/wp-json\/wp\/v2\/pages\/2691\/revisions\/4380"}],"wp:attachment":[{"href":"https:\/\/www.paprica.ch\/de\/wp-json\/wp\/v2\/media?parent=2691"}],"curies":[{"name":"wp","href":"https:\/\/api.w.org\/{rel}","templated":true}]}}